{"id":267,"date":"2023-08-30T11:39:58","date_gmt":"2023-08-30T09:39:58","guid":{"rendered":"https:\/\/orionjdr.fr\/?post_type=product&#038;p=267"},"modified":"2023-08-30T11:40:10","modified_gmt":"2023-08-30T09:40:10","slug":"ecran-de-la-loi","status":"publish","type":"product","link":"https:\/\/orionjdr.fr\/?product=ecran-de-la-loi","title":{"rendered":"Ecran de la Loi"},"content":{"rendered":"<div dir=\"auto\">Accessoire fondamental de la Loi, l\u2019\u00e9cran 4 volets rigides de NOC offre un splendide panorama de Prague sign\u00e9 par Pascal Quidault c\u00f4t\u00e9 joueur.<\/div>\n<div dir=\"auto\"><\/div>\n<div dir=\"auto\">Sur son versant, le meneur trouvera une s\u00e9lection d\u2019informations techniques et de rappels utiles pour g\u00e9rer le syst\u00e8me Nocturne, mais \u00e9galement de nombreuses donn\u00e9es de contexte : cr\u00e9ation de Rouage improvis\u00e9, liste de noms et pr\u00e9noms typiques, organigramme des Directions\u2026<\/div>\n","protected":false},"excerpt":{"rendered":"<p>Accessoire fondamental de la Loi, l\u2019\u00e9cran 4 volets rigides de NOC offre un splendide panorama de Prague sign\u00e9 par Pascal Quidault c\u00f4t\u00e9 joueur. Sur son versant, le meneur trouvera une s\u00e9lection d\u2019informations techniques et de rappels utiles pour g\u00e9rer le syst\u00e8me Nocturne, mais \u00e9galement de nombreuses donn\u00e9es de contexte : cr\u00e9ation de Rouage improvis\u00e9, liste &hellip;<\/p>\n<p class=\"read-more\"> <a class=\"\" href=\"https:\/\/orionjdr.fr\/?product=ecran-de-la-loi\"> <span class=\"screen-reader-text\">Ecran de la Loi<\/span> Lire la suite\u00a0\u00bb<\/a><\/p>\n","protected":false},"featured_media":268,"comment_status":"open","ping_status":"closed","template":"","meta":{"site-sidebar-layout":"default","site-content-layout":"","ast-site-content-layout":"","site-content-style":"default","site-sidebar-style":"default","ast-global-header-display":"","ast-banner-title-visibility":"","ast-main-header-display":"","ast-hfb-above-header-display":"","ast-hfb-below-header-display":"","ast-hfb-mobile-header-display":"","site-post-title":"","ast-breadcrumbs-content":"","ast-featured-img":"","footer-sml-layout":"","theme-transparent-header-meta":"","adv-header-id-meta":"","stick-header-meta":"","header-above-stick-meta":"","header-main-stick-meta":"","header-below-stick-meta":"","astra-migrate-meta-layouts":""},"product_cat":[23],"product_tag":[],"yoast_head":"<!-- This site is optimized with the Yoast SEO plugin v21.2 - https:\/\/yoast.com\/wordpress\/plugins\/seo\/ -->\n<title>Ecran de la Loi - Orion<\/title>\n<meta name=\"robots\" content=\"index, follow, max-snippet:-1, max-image-preview:large, max-video-preview:-1\" \/>\n<link rel=\"canonical\" href=\"https:\/\/orionjdr.fr\/?product=ecran-de-la-loi\" \/>\n<meta property=\"og:locale\" content=\"fr_FR\" \/>\n<meta property=\"og:type\" content=\"article\" \/>\n<meta property=\"og:title\" content=\"Ecran de la Loi - Orion\" \/>\n<meta property=\"og:description\" content=\"Accessoire fondamental de la Loi, l\u2019\u00e9cran 4 volets rigides de NOC offre un splendide panorama de Prague sign\u00e9 par Pascal Quidault c\u00f4t\u00e9 joueur. Sur son versant, le meneur trouvera une s\u00e9lection d\u2019informations techniques et de rappels utiles pour g\u00e9rer le syst\u00e8me Nocturne, mais \u00e9galement de nombreuses donn\u00e9es de contexte : cr\u00e9ation de Rouage improvis\u00e9, liste &hellip; Ecran de la Loi Lire la suite\u00a0\u00bb\" \/>\n<meta property=\"og:url\" content=\"https:\/\/orionjdr.fr\/?product=ecran-de-la-loi\" \/>\n<meta property=\"og:site_name\" content=\"Orion\" \/>\n<meta property=\"article:modified_time\" content=\"2023-08-30T09:40:10+00:00\" \/>\n<meta property=\"og:image\" content=\"https:\/\/orionjdr.fr\/wp-content\/uploads\/2023\/08\/WooNOC08.jpg\" \/>\n\t<meta property=\"og:image:width\" content=\"500\" \/>\n\t<meta property=\"og:image:height\" content=\"500\" \/>\n\t<meta property=\"og:image:type\" content=\"image\/jpeg\" \/>\n<meta name=\"twitter:card\" content=\"summary_large_image\" \/>\n<script type=\"application\/ld+json\" class=\"yoast-schema-graph\">{\"@context\":\"https:\/\/schema.org\",\"@graph\":[{\"@type\":\"WebPage\",\"@id\":\"https:\/\/orionjdr.fr\/?product=ecran-de-la-loi\",\"url\":\"https:\/\/orionjdr.fr\/?product=ecran-de-la-loi\",\"name\":\"Ecran de la Loi - Orion\",\"isPartOf\":{\"@id\":\"https:\/\/orionjdr.fr\/#website\"},\"datePublished\":\"2023-08-30T09:39:58+00:00\",\"dateModified\":\"2023-08-30T09:40:10+00:00\",\"breadcrumb\":{\"@id\":\"https:\/\/orionjdr.fr\/?product=ecran-de-la-loi#breadcrumb\"},\"inLanguage\":\"fr-FR\",\"potentialAction\":[{\"@type\":\"ReadAction\",\"target\":[\"https:\/\/orionjdr.fr\/?product=ecran-de-la-loi\"]}]},{\"@type\":\"BreadcrumbList\",\"@id\":\"https:\/\/orionjdr.fr\/?product=ecran-de-la-loi#breadcrumb\",\"itemListElement\":[{\"@type\":\"ListItem\",\"position\":1,\"name\":\"Accueil\",\"item\":\"https:\/\/orionjdr.fr\/\"},{\"@type\":\"ListItem\",\"position\":2,\"name\":\"Boutique\",\"item\":\"https:\/\/orionjdr.fr\/?page_id=208\"},{\"@type\":\"ListItem\",\"position\":3,\"name\":\"Ecran de la Loi\"}]},{\"@type\":\"WebSite\",\"@id\":\"https:\/\/orionjdr.fr\/#website\",\"url\":\"https:\/\/orionjdr.fr\/\",\"name\":\"Orion JdR\",\"description\":\"Auteur JdR Freelance, Blogger, MJ Pro\",\"potentialAction\":[{\"@type\":\"SearchAction\",\"target\":{\"@type\":\"EntryPoint\",\"urlTemplate\":\"https:\/\/orionjdr.fr\/?s={search_term_string}\"},\"query-input\":\"required name=search_term_string\"}],\"inLanguage\":\"fr-FR\"}]}<\/script>\n<!-- \/ Yoast SEO plugin. -->","yoast_head_json":{"title":"Ecran de la Loi - Orion","robots":{"index":"index","follow":"follow","max-snippet":"max-snippet:-1","max-image-preview":"max-image-preview:large","max-video-preview":"max-video-preview:-1"},"canonical":"https:\/\/orionjdr.fr\/?product=ecran-de-la-loi","og_locale":"fr_FR","og_type":"article","og_title":"Ecran de la Loi - Orion","og_description":"Accessoire fondamental de la Loi, l\u2019\u00e9cran 4 volets rigides de NOC offre un splendide panorama de Prague sign\u00e9 par Pascal Quidault c\u00f4t\u00e9 joueur. Sur son versant, le meneur trouvera une s\u00e9lection d\u2019informations techniques et de rappels utiles pour g\u00e9rer le syst\u00e8me Nocturne, mais \u00e9galement de nombreuses donn\u00e9es de contexte : cr\u00e9ation de Rouage improvis\u00e9, liste &hellip; Ecran de la Loi Lire la suite\u00a0\u00bb","og_url":"https:\/\/orionjdr.fr\/?product=ecran-de-la-loi","og_site_name":"Orion","article_modified_time":"2023-08-30T09:40:10+00:00","og_image":[{"width":500,"height":500,"url":"https:\/\/orionjdr.fr\/wp-content\/uploads\/2023\/08\/WooNOC08.jpg","type":"image\/jpeg"}],"twitter_card":"summary_large_image","schema":{"@context":"https:\/\/schema.org","@graph":[{"@type":"WebPage","@id":"https:\/\/orionjdr.fr\/?product=ecran-de-la-loi","url":"https:\/\/orionjdr.fr\/?product=ecran-de-la-loi","name":"Ecran de la Loi - Orion","isPartOf":{"@id":"https:\/\/orionjdr.fr\/#website"},"datePublished":"2023-08-30T09:39:58+00:00","dateModified":"2023-08-30T09:40:10+00:00","breadcrumb":{"@id":"https:\/\/orionjdr.fr\/?product=ecran-de-la-loi#breadcrumb"},"inLanguage":"fr-FR","potentialAction":[{"@type":"ReadAction","target":["https:\/\/orionjdr.fr\/?product=ecran-de-la-loi"]}]},{"@type":"BreadcrumbList","@id":"https:\/\/orionjdr.fr\/?product=ecran-de-la-loi#breadcrumb","itemListElement":[{"@type":"ListItem","position":1,"name":"Accueil","item":"https:\/\/orionjdr.fr\/"},{"@type":"ListItem","position":2,"name":"Boutique","item":"https:\/\/orionjdr.fr\/?page_id=208"},{"@type":"ListItem","position":3,"name":"Ecran de la Loi"}]},{"@type":"WebSite","@id":"https:\/\/orionjdr.fr\/#website","url":"https:\/\/orionjdr.fr\/","name":"Orion JdR","description":"Auteur JdR Freelance, Blogger, MJ Pro","potentialAction":[{"@type":"SearchAction","target":{"@type":"EntryPoint","urlTemplate":"https:\/\/orionjdr.fr\/?s={search_term_string}"},"query-input":"required name=search_term_string"}],"inLanguage":"fr-FR"}]}},"_links":{"self":[{"href":"https:\/\/orionjdr.fr\/index.php?rest_route=\/wp\/v2\/product\/267"}],"collection":[{"href":"https:\/\/orionjdr.fr\/index.php?rest_route=\/wp\/v2\/product"}],"about":[{"href":"https:\/\/orionjdr.fr\/index.php?rest_route=\/wp\/v2\/types\/product"}],"replies":[{"embeddable":true,"href":"https:\/\/orionjdr.fr\/index.php?rest_route=%2Fwp%2Fv2%2Fcomments&post=267"}],"wp:featuredmedia":[{"embeddable":true,"href":"https:\/\/orionjdr.fr\/index.php?rest_route=\/wp\/v2\/media\/268"}],"wp:attachment":[{"href":"https:\/\/orionjdr.fr\/index.php?rest_route=%2Fwp%2Fv2%2Fmedia&parent=267"}],"wp:term":[{"taxonomy":"product_cat","embeddable":true,"href":"https:\/\/orionjdr.fr\/index.php?rest_route=%2Fwp%2Fv2%2Fproduct_cat&post=267"},{"taxonomy":"product_tag","embeddable":true,"href":"https:\/\/orionjdr.fr\/index.php?rest_route=%2Fwp%2Fv2%2Fproduct_tag&post=267"}],"curies":[{"name":"wp","href":"https:\/\/api.w.org\/{rel}","templated":true}]}}