{"id":258,"date":"2023-08-30T11:27:05","date_gmt":"2023-08-30T09:27:05","guid":{"rendered":"https:\/\/orionjdr.fr\/?post_type=product&#038;p=258"},"modified":"2026-04-27T11:17:26","modified_gmt":"2026-04-27T09:17:26","slug":"les-lueurs-obsidionales-tome-1","status":"publish","type":"product","link":"https:\/\/orionjdr.fr\/?product=les-lueurs-obsidionales-tome-1","title":{"rendered":"Les Lueurs Obsidionales \u2013 Tome 1"},"content":{"rendered":"<h4 dir=\"auto\">Avec \u00ab Les Lueurs obsidionales \u00bb, enfoncez-vous encore plus profond\u00e9ment dans la Nuit.<\/h4>\n<p dir=\"auto\">Ce premier suppl\u00e9ment majeur contient les<strong>\u00a0trois actes initiaux de la campagne officielle \u00ab Les Tourments de Prague\u00bb<\/strong>. Ceux-ci conduiront les H\u00e9ros des plus noires t\u00e9n\u00e8bres aux rivages de l\u2019aube. Pouvant \u00eatre jou\u00e9s de fa\u00e7on autonome ou en lien avec le sc\u00e9nario du kit d\u2019introduction et les chapitres \u00e0 venir, ils offrent une plong\u00e9e sans concession dans la Boh\u00e8me enserr\u00e9e.<\/p>\n<p dir=\"auto\">En outre, \u00ab Les Lueurs obsidionales \u00bb expose de nouvelles facettes de NOC gr\u00e2ce aux\u00a0<strong>Configurations \u00ab R\u00e9seau Rub\u00edn \u00bb et \u00ab Somnium<\/strong>\u00a0\u00bb. Elles permettent de jouer des R\u00e9sistants engag\u00e9s dans la lutte arm\u00e9e contre le Bureau ou des H\u00e9ros ayant acquis des connaissances et des moyens occultes li\u00e9s \u00e0 la v\u00e9ritable nature de l\u2019Artefact.<\/p>\n<p dir=\"auto\">Les Lueurs obsidionales enrichit \u00e9galement le<strong> syst\u00e8me Nocturne gr\u00e2ce aux r\u00e8gles de combat rapide, de courses-poursuites et surtout, de Cabales<\/strong>. Ces derni\u00e8res vous permettront de donner corps \u00e0 la cellule des personnages joueurs en lui conf\u00e9rant une histoire, des traits, des moyens et des failles propres.<\/p>\n<p dir=\"auto\">Les Lueurs obsidionales hissent NOC \u00e0 un nouveau niveau d\u2019enjeux. Explorez des lieux exotiques, rencontrez des alli\u00e9s inattendus et affrontez des entit\u00e9s de cauchemar. Le chemin de la transcendance vous appara\u00eet enfin. Aurez-vous ce qu\u2019il faut pour le suivre ?<\/p>\n<p dir=\"auto\">128 pages couleurs, couverture rigide<\/p>\n","protected":false},"excerpt":{"rendered":"<p>Avec \u00ab Les Lueurs obsidionales \u00bb, enfoncez-vous encore plus profond\u00e9ment dans la Nuit. Ce premier suppl\u00e9ment majeur contient les\u00a0trois actes initiaux de la campagne officielle \u00ab Les Tourments de Prague\u00bb. Ceux-ci conduiront les H\u00e9ros des plus noires t\u00e9n\u00e8bres aux rivages de l\u2019aube. Pouvant \u00eatre jou\u00e9s de fa\u00e7on autonome ou en lien avec le sc\u00e9nario du &hellip;<\/p>\n<p class=\"read-more\"> <a class=\"\" href=\"https:\/\/orionjdr.fr\/?product=les-lueurs-obsidionales-tome-1\"> <span class=\"screen-reader-text\">Les Lueurs Obsidionales \u2013 Tome 1<\/span> Lire la suite\u00a0\u00bb<\/a><\/p>\n","protected":false},"featured_media":259,"comment_status":"open","ping_status":"closed","template":"","meta":{"site-sidebar-layout":"default","site-content-layout":"","ast-site-content-layout":"","site-content-style":"default","site-sidebar-style":"default","ast-global-header-display":"","ast-banner-title-visibility":"","ast-main-header-display":"","ast-hfb-above-header-display":"","ast-hfb-below-header-display":"","ast-hfb-mobile-header-display":"","site-post-title":"","ast-breadcrumbs-content":"","ast-featured-img":"","footer-sml-layout":"","theme-transparent-header-meta":"","adv-header-id-meta":"","stick-header-meta":"","header-above-stick-meta":"","header-main-stick-meta":"","header-below-stick-meta":"","astra-migrate-meta-layouts":""},"product_cat":[23],"product_tag":[],"yoast_head":"<!-- This site is optimized with the Yoast SEO plugin v21.2 - https:\/\/yoast.com\/wordpress\/plugins\/seo\/ -->\n<title>Les Lueurs Obsidionales \u2013 Tome 1 - Orion<\/title>\n<meta name=\"robots\" content=\"index, follow, max-snippet:-1, max-image-preview:large, max-video-preview:-1\" \/>\n<link rel=\"canonical\" href=\"https:\/\/orionjdr.fr\/?product=les-lueurs-obsidionales-tome-1\" \/>\n<meta property=\"og:locale\" content=\"fr_FR\" \/>\n<meta property=\"og:type\" content=\"article\" \/>\n<meta property=\"og:title\" content=\"Les Lueurs Obsidionales \u2013 Tome 1 - Orion\" \/>\n<meta property=\"og:description\" content=\"Avec \u00ab Les Lueurs obsidionales \u00bb, enfoncez-vous encore plus profond\u00e9ment dans la Nuit. Ce premier suppl\u00e9ment majeur contient les\u00a0trois actes initiaux de la campagne officielle \u00ab Les Tourments de Prague\u00bb. Ceux-ci conduiront les H\u00e9ros des plus noires t\u00e9n\u00e8bres aux rivages de l\u2019aube. Pouvant \u00eatre jou\u00e9s de fa\u00e7on autonome ou en lien avec le sc\u00e9nario du &hellip; Les Lueurs Obsidionales \u2013 Tome 1 Lire la suite\u00a0\u00bb\" \/>\n<meta property=\"og:url\" content=\"https:\/\/orionjdr.fr\/?product=les-lueurs-obsidionales-tome-1\" \/>\n<meta property=\"og:site_name\" content=\"Orion\" \/>\n<meta property=\"article:modified_time\" content=\"2026-04-27T09:17:26+00:00\" \/>\n<meta property=\"og:image\" content=\"https:\/\/orionjdr.fr\/wp-content\/uploads\/2023\/08\/WooNOC02.jpg\" \/>\n\t<meta property=\"og:image:width\" content=\"500\" \/>\n\t<meta property=\"og:image:height\" content=\"500\" \/>\n\t<meta property=\"og:image:type\" content=\"image\/jpeg\" \/>\n<meta name=\"twitter:card\" content=\"summary_large_image\" \/>\n<meta name=\"twitter:label1\" content=\"Dur\u00e9e de lecture estim\u00e9e\" \/>\n\t<meta name=\"twitter:data1\" content=\"1 minute\" \/>\n<script type=\"application\/ld+json\" class=\"yoast-schema-graph\">{\"@context\":\"https:\/\/schema.org\",\"@graph\":[{\"@type\":\"WebPage\",\"@id\":\"https:\/\/orionjdr.fr\/?product=les-lueurs-obsidionales-tome-1\",\"url\":\"https:\/\/orionjdr.fr\/?product=les-lueurs-obsidionales-tome-1\",\"name\":\"Les Lueurs Obsidionales \u2013 Tome 1 - Orion\",\"isPartOf\":{\"@id\":\"https:\/\/orionjdr.fr\/#website\"},\"datePublished\":\"2023-08-30T09:27:05+00:00\",\"dateModified\":\"2026-04-27T09:17:26+00:00\",\"breadcrumb\":{\"@id\":\"https:\/\/orionjdr.fr\/?product=les-lueurs-obsidionales-tome-1#breadcrumb\"},\"inLanguage\":\"fr-FR\",\"potentialAction\":[{\"@type\":\"ReadAction\",\"target\":[\"https:\/\/orionjdr.fr\/?product=les-lueurs-obsidionales-tome-1\"]}]},{\"@type\":\"BreadcrumbList\",\"@id\":\"https:\/\/orionjdr.fr\/?product=les-lueurs-obsidionales-tome-1#breadcrumb\",\"itemListElement\":[{\"@type\":\"ListItem\",\"position\":1,\"name\":\"Accueil\",\"item\":\"https:\/\/orionjdr.fr\/\"},{\"@type\":\"ListItem\",\"position\":2,\"name\":\"Boutique\",\"item\":\"https:\/\/orionjdr.fr\/?page_id=208\"},{\"@type\":\"ListItem\",\"position\":3,\"name\":\"Les Lueurs Obsidionales \u2013 Tome 1\"}]},{\"@type\":\"WebSite\",\"@id\":\"https:\/\/orionjdr.fr\/#website\",\"url\":\"https:\/\/orionjdr.fr\/\",\"name\":\"Orion JdR\",\"description\":\"Auteur JdR Freelance, Blogger, MJ Pro\",\"potentialAction\":[{\"@type\":\"SearchAction\",\"target\":{\"@type\":\"EntryPoint\",\"urlTemplate\":\"https:\/\/orionjdr.fr\/?s={search_term_string}\"},\"query-input\":\"required name=search_term_string\"}],\"inLanguage\":\"fr-FR\"}]}<\/script>\n<!-- \/ Yoast SEO plugin. -->","yoast_head_json":{"title":"Les Lueurs Obsidionales \u2013 Tome 1 - Orion","robots":{"index":"index","follow":"follow","max-snippet":"max-snippet:-1","max-image-preview":"max-image-preview:large","max-video-preview":"max-video-preview:-1"},"canonical":"https:\/\/orionjdr.fr\/?product=les-lueurs-obsidionales-tome-1","og_locale":"fr_FR","og_type":"article","og_title":"Les Lueurs Obsidionales \u2013 Tome 1 - Orion","og_description":"Avec \u00ab Les Lueurs obsidionales \u00bb, enfoncez-vous encore plus profond\u00e9ment dans la Nuit. Ce premier suppl\u00e9ment majeur contient les\u00a0trois actes initiaux de la campagne officielle \u00ab Les Tourments de Prague\u00bb. Ceux-ci conduiront les H\u00e9ros des plus noires t\u00e9n\u00e8bres aux rivages de l\u2019aube. Pouvant \u00eatre jou\u00e9s de fa\u00e7on autonome ou en lien avec le sc\u00e9nario du &hellip; Les Lueurs Obsidionales \u2013 Tome 1 Lire la suite\u00a0\u00bb","og_url":"https:\/\/orionjdr.fr\/?product=les-lueurs-obsidionales-tome-1","og_site_name":"Orion","article_modified_time":"2026-04-27T09:17:26+00:00","og_image":[{"width":500,"height":500,"url":"https:\/\/orionjdr.fr\/wp-content\/uploads\/2023\/08\/WooNOC02.jpg","type":"image\/jpeg"}],"twitter_card":"summary_large_image","twitter_misc":{"Dur\u00e9e de lecture estim\u00e9e":"1 minute"},"schema":{"@context":"https:\/\/schema.org","@graph":[{"@type":"WebPage","@id":"https:\/\/orionjdr.fr\/?product=les-lueurs-obsidionales-tome-1","url":"https:\/\/orionjdr.fr\/?product=les-lueurs-obsidionales-tome-1","name":"Les Lueurs Obsidionales \u2013 Tome 1 - Orion","isPartOf":{"@id":"https:\/\/orionjdr.fr\/#website"},"datePublished":"2023-08-30T09:27:05+00:00","dateModified":"2026-04-27T09:17:26+00:00","breadcrumb":{"@id":"https:\/\/orionjdr.fr\/?product=les-lueurs-obsidionales-tome-1#breadcrumb"},"inLanguage":"fr-FR","potentialAction":[{"@type":"ReadAction","target":["https:\/\/orionjdr.fr\/?product=les-lueurs-obsidionales-tome-1"]}]},{"@type":"BreadcrumbList","@id":"https:\/\/orionjdr.fr\/?product=les-lueurs-obsidionales-tome-1#breadcrumb","itemListElement":[{"@type":"ListItem","position":1,"name":"Accueil","item":"https:\/\/orionjdr.fr\/"},{"@type":"ListItem","position":2,"name":"Boutique","item":"https:\/\/orionjdr.fr\/?page_id=208"},{"@type":"ListItem","position":3,"name":"Les Lueurs Obsidionales \u2013 Tome 1"}]},{"@type":"WebSite","@id":"https:\/\/orionjdr.fr\/#website","url":"https:\/\/orionjdr.fr\/","name":"Orion JdR","description":"Auteur JdR Freelance, Blogger, MJ Pro","potentialAction":[{"@type":"SearchAction","target":{"@type":"EntryPoint","urlTemplate":"https:\/\/orionjdr.fr\/?s={search_term_string}"},"query-input":"required name=search_term_string"}],"inLanguage":"fr-FR"}]}},"_links":{"self":[{"href":"https:\/\/orionjdr.fr\/index.php?rest_route=\/wp\/v2\/product\/258"}],"collection":[{"href":"https:\/\/orionjdr.fr\/index.php?rest_route=\/wp\/v2\/product"}],"about":[{"href":"https:\/\/orionjdr.fr\/index.php?rest_route=\/wp\/v2\/types\/product"}],"replies":[{"embeddable":true,"href":"https:\/\/orionjdr.fr\/index.php?rest_route=%2Fwp%2Fv2%2Fcomments&post=258"}],"wp:featuredmedia":[{"embeddable":true,"href":"https:\/\/orionjdr.fr\/index.php?rest_route=\/wp\/v2\/media\/259"}],"wp:attachment":[{"href":"https:\/\/orionjdr.fr\/index.php?rest_route=%2Fwp%2Fv2%2Fmedia&parent=258"}],"wp:term":[{"taxonomy":"product_cat","embeddable":true,"href":"https:\/\/orionjdr.fr\/index.php?rest_route=%2Fwp%2Fv2%2Fproduct_cat&post=258"},{"taxonomy":"product_tag","embeddable":true,"href":"https:\/\/orionjdr.fr\/index.php?rest_route=%2Fwp%2Fv2%2Fproduct_tag&post=258"}],"curies":[{"name":"wp","href":"https:\/\/api.w.org\/{rel}","templated":true}]}}