{"id":391,"date":"2023-09-24T20:52:51","date_gmt":"2023-09-24T18:52:51","guid":{"rendered":"https:\/\/orionjdr.fr\/?page_id=391"},"modified":"2023-09-24T21:11:51","modified_gmt":"2023-09-24T19:11:51","slug":"campagnes-archivees","status":"publish","type":"page","link":"https:\/\/orionjdr.fr\/?page_id=391","title":{"rendered":"Campagnes Archiv\u00e9es"},"content":{"rendered":"\n<h2 class=\"wp-block-heading has-ast-global-color-6-color has-black-background-color has-text-color has-background has-large-font-size\">Campagnes pr\u00e9c\u00e9dentes &#8211; MJ<\/h2>\n\n\n\n<hr class=\"wp-block-separator has-alpha-channel-opacity\"\/>\n\n\n\n<h2 class=\"wp-block-heading has-medium-font-size\">Le Sang vers\u00e9 d&#8217;Occitanie &#8211; Monde des T\u00e9n\u00e8bres<\/h2>\n\n\n\n<figure class=\"wp-block-image alignright size-large is-resized has-custom-border is-style-default wp-duotone-unset-1\"><img decoding=\"async\" loading=\"lazy\" src=\"https:\/\/orionjdr.fr\/wp-content\/uploads\/2023\/09\/header-campaign-1-1024x1024.jpg\" alt=\"\" class=\"wp-image-392\" style=\"border-style:none;border-width:0px;border-radius:10px;width:479px;height:479px\" width=\"479\" height=\"479\" srcset=\"https:\/\/orionjdr.fr\/wp-content\/uploads\/2023\/09\/header-campaign-1-1024x1024.jpg 1024w, https:\/\/orionjdr.fr\/wp-content\/uploads\/2023\/09\/header-campaign-1-300x300.jpg 300w, https:\/\/orionjdr.fr\/wp-content\/uploads\/2023\/09\/header-campaign-1-150x150.jpg 150w, https:\/\/orionjdr.fr\/wp-content\/uploads\/2023\/09\/header-campaign-1-768x768.jpg 768w\" sizes=\"(max-width: 479px) 100vw, 479px\" \/><\/figure>\n\n\n\n<p><em>Le Sud de la France est frapp\u00e9 d&#8217;un grand mal, et diff\u00e9rents acteurs cherchent \u00e0 lutter contre lui&#8230; ou s&#8217;associer \u00e0 lui. Le Conseil vampirique de Paris envoie trois Nouveaux-n\u00e9 \u00e0 Toulouse pour enqu\u00eater sur une disparition inqui\u00e9tante, et trouver des alli\u00e9s dans une bataille politique compliqu\u00e9e. Pendant ces temps, les Loups-Garous du Sept de la Montagne de Givre cherchent \u00e0 percer le myst\u00e8re d&#8217;un mal ancien qui a pris naissance dans les Pyr\u00e9n\u00e9es il y a bien longtemps&#8230;<\/em><\/p>\n\n\n\n<p>Cette campagne \u00e9tait jou\u00e9e sur deux tables : une table <strong>Vampire<\/strong>, compos\u00e9e de trois joueurs et joueuses, et une table <strong>Loup Garou<\/strong>, compos\u00e9e \u00e9galement de trois joueurs et joueuses. Chaque table jouait une fois par quinzaine sur Discord et Foundry VTT.<\/p>\n\n\n\n<p>Les joueurs <strong>Vampire<\/strong> ont explor\u00e9 Toulouse by night (avec <em>Vampire \u00e9dition 20e anniversaire<\/em>), ont d\u00e9couvert une intrigue mill\u00e9naire en incarnant des mages dans le pass\u00e9 (avec <em>Ars Magica<\/em>), puis ont lutt\u00e9 \u00e0 nouveau dans le pr\u00e9sent contre un mal que leurs mages avaient vu na\u00eetre. Les joueurs <strong>Loup-Garou<\/strong> ont enqu\u00eat\u00e9 sur une ancienne relique dans les Pyr\u00e9n\u00e9es (avec <em>Loup Garou \u00e9dition 20e anniversaire<\/em>), ont remont\u00e9 son histoire \u00e0 travers les yeux de Vampires au XIIIe si\u00e8cle (avec <em>Vampire Dark Ages, \u00e9dition 20e anniversaire<\/em>) puis ont retrouv\u00e9 le temps pr\u00e9sent pour un affrontement \u00e9pique contre une menace mondiale. Les deux tables ont \u00e9t\u00e9 en concurrence, Loups Garous contre Vampires, jusqu&#8217;\u00e0 ce qu&#8217;un danger plus grand que leurs rivalit\u00e9s \u00e9mergent et qu&#8217;ils soient contraints de s&#8217;associer quelques instants.<\/p>\n\n\n\n<p>Cette campagne a \u00e9t\u00e9 jou\u00e9e de septembre 2021 \u00e0 avril 2023, et au total, 13 joueurs diff\u00e9rents y ont particip\u00e9, pour des r\u00f4les majeurs ou des r\u00f4les ponctuels.<\/p>\n\n\n\n<p>Une campagne \u00e0 retrouver sur : <a href=\"https:\/\/lesangversedoccitanie.obsidianportal.com\/\" target=\"_blank\" rel=\"noreferrer noopener\">https:\/\/lesangversedoccitanie.obsidianportal.com\/<\/a><\/p>\n\n\n\n<hr class=\"wp-block-separator has-alpha-channel-opacity\"\/>\n\n\n\n<h2 class=\"wp-block-heading has-medium-font-size\">L&#8217;Agonie de Couronne d&#8217;Ouest &#8211; Pathfinder \/ dK syst\u00e8me<\/h2>\n\n\n\n<figure class=\"wp-block-image alignright size-full is-resized\"><img decoding=\"async\" loading=\"lazy\" src=\"https:\/\/orionjdr.fr\/wp-content\/uploads\/2023\/09\/front.jpg\" alt=\"\" class=\"wp-image-394\" style=\"width:488px;height:442px\" width=\"488\" height=\"442\" srcset=\"https:\/\/orionjdr.fr\/wp-content\/uploads\/2023\/09\/front.jpg 636w, https:\/\/orionjdr.fr\/wp-content\/uploads\/2023\/09\/front-300x272.jpg 300w, https:\/\/orionjdr.fr\/wp-content\/uploads\/2023\/09\/front-600x543.jpg 600w\" sizes=\"(max-width: 488px) 100vw, 488px\" \/><\/figure>\n\n\n\n<p><em>Aucune cit\u00e9 de Golarion n\u2019a \u00e9t\u00e9 plus profond\u00e9ment atteinte par la mort d\u2019Aroden que Couronne d\u2019Ouest. Capitale du Ch\u00e9liax, la ville devait accueillir le retour du dieu et s\u2019\u00e9tait pr\u00e9par\u00e9e \u00e0 l\u2019\u00e9v\u00e9nement plusieurs d\u00e9cennies durant. Au cours des ann\u00e9es qui ont suivi la disparition d\u2019Aroden, son \u00e9glise s\u2019est effondr\u00e9e, ses sites sacr\u00e9s ont \u00e9t\u00e9 laiss\u00e9s \u00e0 l\u2019abandon et le pays a sombr\u00e9 dans une guerre civile avec de cruels diabolistes. L\u2019ascension de la maison Thrune Trois-fois-damn\u00e9e a accentu\u00e9 un peu plus la chute de Couronne d\u2019Ouest, les nouveaux dirigeants diaboliques ayant d\u00e9plac\u00e9 la capitale au nord, dans la cit\u00e9 d\u2019\u00c9gorian, et ainsi d\u00e9pouill\u00e9 Couronne d\u2019Ouest de l\u2019essentiel de ses richesses et de son prestige.<\/em><\/p>\n\n\n\n<p><em>Avant la mort d\u2019Aroden, le Conseil des voleurs \u00e9tait d\u00e9j\u00e0 un secret de polichinelle \u00e0 Couronne d\u2019Ouest. Essentiellement compos\u00e9 de familles nobles et influentes, la guilde avait assis son pouvoir sur la contrebande, le banditisme et le crime institutionnel. Aujourd\u2019hui, deux enfants menacent la stabilit\u00e9 de cette organisation, mais aussi celle de la ville toute enti\u00e8re !<\/em><\/p>\n\n\n\n<p>Cette campagne a emmen\u00e9 quatre joueurs dans les myst\u00e8res de Couronne d&#8217;Ouest, des ruelles sombres hant\u00e9es par les voleurs \u00e0 l&#8217;apocalypse qui mena\u00e7ait de d\u00e9truire la cit\u00e9. Elle s&#8217;est d\u00e9roul\u00e9e en 2015 &#8211; 2016.<\/p>\n\n\n\n<p>Une campagne \u00e0 retrouver sur : <a href=\"https:\/\/dk-le-conseil-des-voleurs.obsidianportal.com\/\" target=\"_blank\" rel=\"noreferrer noopener\">https:\/\/dk-le-conseil-des-voleurs.obsidianportal.com\/<\/a><\/p>\n\n\n\n<p><\/p>\n\n\n\n<hr class=\"wp-block-separator has-alpha-channel-opacity\"\/>\n\n\n\n<h2 class=\"wp-block-heading has-medium-font-size\">La Fragrance d&#8217;une Orchid\u00e9e &#8211; Shadowrun<\/h2>\n\n\n\n<figure class=\"wp-block-image alignright size-large is-resized\"><img decoding=\"async\" loading=\"lazy\" src=\"https:\/\/orionjdr.fr\/wp-content\/uploads\/2023\/09\/payoff_by_jonasdero_d3jr4ct-pre-edited-1024x640.jpg\" alt=\"\" class=\"wp-image-396\" style=\"width:491px;height:307px\" width=\"491\" height=\"307\" srcset=\"https:\/\/orionjdr.fr\/wp-content\/uploads\/2023\/09\/payoff_by_jonasdero_d3jr4ct-pre-edited-1024x640.jpg 1024w, https:\/\/orionjdr.fr\/wp-content\/uploads\/2023\/09\/payoff_by_jonasdero_d3jr4ct-pre-edited-300x187.jpg 300w, https:\/\/orionjdr.fr\/wp-content\/uploads\/2023\/09\/payoff_by_jonasdero_d3jr4ct-pre-edited-768x480.jpg 768w, https:\/\/orionjdr.fr\/wp-content\/uploads\/2023\/09\/payoff_by_jonasdero_d3jr4ct-pre-edited-600x375.jpg 600w, https:\/\/orionjdr.fr\/wp-content\/uploads\/2023\/09\/payoff_by_jonasdero_d3jr4ct-pre-edited.jpg 1061w\" sizes=\"(max-width: 491px) 100vw, 491px\" \/><\/figure>\n\n\n\n<p>Cette campagne m\u00ealait deux campagnes pour Shadowrun, 4e \u00e9dition : Mauvais Pr\u00e9sage, issue du suppl\u00e9ment <em>SOX<\/em> et <em>Cartels Fant\u00f4mes<\/em>.<\/p>\n\n\n\n<p><em><strong>Mauvais Pr\u00e9sage<\/strong>. <strong>La SOX :<\/strong>\u00a0un enfer radioactif \u00e0 deux heures de Paris. Des dizaines de milliers de personnes irradi\u00e9es vivant depuis 60 ans au milieu des ruines d\u2019une r\u00e9gion oubli\u00e9e, mur\u00e9e, o\u00f9 r\u00e8gne une seule loi : celle de la survie.<\/em> <em>Une r\u00e9gion,\u00a0<strong>entre la France et l\u2019Allemagne<\/strong>, o\u00f9 les corporations profitent de l\u2019isolement et de la complaisance des gouvernements pour se d\u00e9barrasser de leurs d\u00e9chets, industriels ou humains, proc\u00e9der \u00e0 des\u00a0<strong>tests bact\u00e9riologiques, chimiques et nucl\u00e9aires<\/strong>, et mener des manoeuvres militaires sous l\u2019oeil des cam\u00e9ras qui en font des m\u00e9ga-shows \u00e0 l\u2019audience record. Bienvenue en enfer.\u00a0<strong>Bienvenue en Sarre-Lorraine-Luxembourg.<\/strong><\/em> <em><strong>Mauvais Pr\u00e9sage<\/strong>, est une grande campagne qui emm\u00e8ne les runners \u00e0 travers la SOX, \u00e0 la recherche d\u2019un secret longtemps enfoui, qui pourrait bien toucher la France enti\u00e8re\u2026<\/em><\/p>\n\n\n\n<p><em><strong>Cartels Fant\u00f4mes.<\/strong> Les Ombres ne parlent plus que de \u00e7a : le tempo, la nouvelle came qui fait fureur. Le trip est unique, meilleur que tout ce qui existe. Les cam\u00e9s sont d\u00e9j\u00e0 en manque, et m\u00eame les puceux accrocs aux BTL se laissent tenter. La popularit\u00e9 du tempo bouleverse l\u2019\u00e9quilibre des pouvoirs entre les syndicats du crime, les balles sifflent et le sang coule.<\/em> <em><strong>Cartels fant\u00f4mes<\/strong>\u00a0place les runners au c\u0153ur de l\u2019action, les impliquant dans les trafics de drogue et les jeux de pouvoir qui bousculent le paysage de Seattle, Los Angeles, Hong Kong, Marseille et bien d\u2019autres villes, et les envoient jusque dans les jungles d\u2019Am\u00e9rique du Sud.<\/em><\/p>\n\n\n\n<p>Cette campagne a emmen\u00e9 quatre joueurs dans les ombres de Shadowrun. Elle s&#8217;est d\u00e9roul\u00e9e en 2014 &#8211; 2016.<\/p>\n\n\n\n<p>Une campagne \u00e0 retrouver sur : <a href=\"https:\/\/sr4a-ghost-cartels.obsidianportal.com\/\" target=\"_blank\" rel=\"noreferrer noopener\">https:\/\/sr4a-ghost-cartels.obsidianportal.com\/<\/a><\/p>\n\n\n\n<hr class=\"wp-block-separator has-alpha-channel-opacity\"\/>\n\n\n\n<h2 class=\"wp-block-heading has-ast-global-color-6-color has-black-background-color has-text-color has-background\">Campagnes archiv\u00e9es &#8211; Joueur<\/h2>\n\n\n\n<hr class=\"wp-block-separator has-alpha-channel-opacity\"\/>\n\n\n\n<h2 class=\"wp-block-heading has-medium-font-size\">Les Encag\u00e9s &#8211; Cthulhu Hack<\/h2>\n\n\n\n<p><em>Les Encag\u00e9s<\/em>&nbsp;est une enqu\u00eate polici\u00e8re contemporaine de Tristan Lhomme au format XXL. Elle met en sc\u00e8ne une \u00e9quipe d&#8217;enqu\u00eateurs de la gendarmerie nationale de la Gironde, confront\u00e9s \u00e0 une s\u00e9rie de meurtres au printemps 2013, dans le ton des s\u00e9ries polici\u00e8res r\u00e9alistes.<\/p>\n\n\n\n<p>Appel\u00e9s dans une des localit\u00e9s des environs de Bordeaux suite \u00e0 plusieurs meurtres commis dans la m\u00eame demeure, les agents vont devoir enqu\u00eater pour essayer de comprendre ce qui a pu amener ces personnes d&#8217;origines diverses \u00e0 \u00eatre assassin\u00e9es en m\u00eame temps. Il va leur falloir mener une enqu\u00eate de terrain, rechercher des informations relevant d&#8217;autres services de police, y compris \u00e0 l&#8217;\u00e9tranger, ou dans d&#8217;anciennes affaires non r\u00e9solues. Lorsque de nouveaux meurtres se produisent, ils pourront \u00e9ventuellement remonter jusqu&#8217;aux coupables et peut-\u00eatre les faire tomber sous le coup de la loi.<\/p>\n\n\n\n<p>Les Encag\u00e9s a gagn\u00e9 le&nbsp;<strong>Prix R\u00f4liste 2021 : Jeu de l&#8217;Ann\u00e9e<\/strong>&nbsp;et l&#8217;<strong>Unif d&#8217;Or 2021 : Meilleure campagne de jdr<\/strong>.<\/p>\n\n\n\n<p><\/p>\n\n\n\n<div class=\"wp-block-columns is-layout-flex wp-container-4 wp-block-columns-is-layout-flex\">\n<div class=\"wp-block-column is-content-justification-center is-layout-constrained wp-block-column-is-layout-constrained\">\n<p>Cette campagne a \u00e9t\u00e9 enregistr\u00e9e sur la cha\u00eene <strong>Time to Roll<\/strong>, et diffus\u00e9e un mardi sur deux sur Youtube. Retrouvez les gendarmes de la Section de Recherche de Bordeaux dans leur enqu\u00eate si myst\u00e9rieuse&#8230;<\/p>\n\n\n\n<ul>\n<li>Les vid\u00e9os de cet Actual Play sont \u00e0 retrouver ici : <a href=\"https:\/\/www.youtube.com\/watch?v=4qXMMK81p3E&amp;list=PLxKUqDmmflyHiPbA2M17X2z1N-L3szoM2&amp;ab_channel=TimeToRoll\">Playlist Les Encag\u00e9s<\/a><\/li>\n<\/ul>\n<\/div>\n\n\n\n<div class=\"wp-block-column is-vertically-aligned-center is-layout-flow wp-block-column-is-layout-flow\">\n<figure class=\"wp-block-embed alignright is-type-video is-provider-youtube wp-block-embed-youtube wp-embed-aspect-16-9 wp-has-aspect-ratio\"><div class=\"wp-block-embed__wrapper\">\n<div class=\"ast-oembed-container\" style=\"height: 100%;\"><iframe loading=\"lazy\" title=\"Les Encag\u00e9s - Teaser by Draken RPG\" width=\"500\" height=\"281\" src=\"https:\/\/www.youtube.com\/embed\/eEcyECqvSAg?list=PLxKUqDmmflyGADHZO0mK3vWIYDpCvt0sh\" frameborder=\"0\" allow=\"accelerometer; autoplay; clipboard-write; encrypted-media; gyroscope; picture-in-picture; web-share\" allowfullscreen><\/iframe><\/div>\n<\/div><\/figure>\n<\/div>\n<\/div>\n\n\n\n<p><\/p>\n\n\n\n<p><\/p>\n\n\n\n<p><\/p>\n\n\n\n<p><\/p>\n\n\n\n<p><\/p>\n\n\n\n<p><\/p>\n\n\n\n<p><\/p>\n","protected":false},"excerpt":{"rendered":"<p>Campagnes pr\u00e9c\u00e9dentes &#8211; MJ Le Sang vers\u00e9 d&#8217;Occitanie &#8211; Monde des T\u00e9n\u00e8bres Le Sud de la France est frapp\u00e9 d&#8217;un grand mal, et diff\u00e9rents acteurs cherchent \u00e0 lutter contre lui&#8230; ou s&#8217;associer \u00e0 lui. Le Conseil vampirique de Paris envoie trois Nouveaux-n\u00e9 \u00e0 Toulouse pour enqu\u00eater sur une disparition inqui\u00e9tante, et trouver des alli\u00e9s dans &hellip;<\/p>\n<p class=\"read-more\"> <a class=\"\" href=\"https:\/\/orionjdr.fr\/?page_id=391\"> <span class=\"screen-reader-text\">Campagnes Archiv\u00e9es<\/span> Lire la suite\u00a0\u00bb<\/a><\/p>\n","protected":false},"author":1,"featured_media":0,"parent":375,"menu_order":0,"comment_status":"closed","ping_status":"closed","template":"","meta":{"site-sidebar-layout":"default","site-content-layout":"","ast-site-content-layout":"","site-content-style":"default","site-sidebar-style":"default","ast-global-header-display":"","ast-banner-title-visibility":"","ast-main-header-display":"","ast-hfb-above-header-display":"","ast-hfb-below-header-display":"","ast-hfb-mobile-header-display":"","site-post-title":"disabled","ast-breadcrumbs-content":"","ast-featured-img":"","footer-sml-layout":"","theme-transparent-header-meta":"","adv-header-id-meta":"","stick-header-meta":"","header-above-stick-meta":"","header-main-stick-meta":"","header-below-stick-meta":"","astra-migrate-meta-layouts":"","footnotes":""},"yoast_head":"<!-- This site is optimized with the Yoast SEO plugin v21.2 - https:\/\/yoast.com\/wordpress\/plugins\/seo\/ -->\n<title>Campagnes Archiv\u00e9es - Orion<\/title>\n<meta name=\"robots\" content=\"index, follow, max-snippet:-1, max-image-preview:large, max-video-preview:-1\" \/>\n<link rel=\"canonical\" href=\"https:\/\/orionjdr.fr\/?page_id=391\" \/>\n<meta property=\"og:locale\" content=\"fr_FR\" \/>\n<meta property=\"og:type\" content=\"article\" \/>\n<meta property=\"og:title\" content=\"Campagnes Archiv\u00e9es - Orion\" \/>\n<meta property=\"og:description\" content=\"Campagnes pr\u00e9c\u00e9dentes &#8211; MJ Le Sang vers\u00e9 d&#8217;Occitanie &#8211; Monde des T\u00e9n\u00e8bres Le Sud de la France est frapp\u00e9 d&#8217;un grand mal, et diff\u00e9rents acteurs cherchent \u00e0 lutter contre lui&#8230; ou s&#8217;associer \u00e0 lui. Le Conseil vampirique de Paris envoie trois Nouveaux-n\u00e9 \u00e0 Toulouse pour enqu\u00eater sur une disparition inqui\u00e9tante, et trouver des alli\u00e9s dans &hellip; Campagnes Archiv\u00e9es Lire la suite\u00a0\u00bb\" \/>\n<meta property=\"og:url\" content=\"https:\/\/orionjdr.fr\/?page_id=391\" \/>\n<meta property=\"og:site_name\" content=\"Orion\" \/>\n<meta property=\"article:modified_time\" content=\"2023-09-24T19:11:51+00:00\" \/>\n<meta property=\"og:image\" content=\"https:\/\/orionjdr.fr\/wp-content\/uploads\/2023\/09\/header-campaign-1-1024x1024.jpg\" \/>\n<meta name=\"twitter:card\" content=\"summary_large_image\" \/>\n<meta name=\"twitter:label1\" content=\"Dur\u00e9e de lecture estim\u00e9e\" \/>\n\t<meta name=\"twitter:data1\" content=\"6 minutes\" \/>\n<script type=\"application\/ld+json\" class=\"yoast-schema-graph\">{\"@context\":\"https:\/\/schema.org\",\"@graph\":[{\"@type\":\"WebPage\",\"@id\":\"https:\/\/orionjdr.fr\/?page_id=391\",\"url\":\"https:\/\/orionjdr.fr\/?page_id=391\",\"name\":\"Campagnes Archiv\u00e9es - Orion\",\"isPartOf\":{\"@id\":\"https:\/\/orionjdr.fr\/#website\"},\"datePublished\":\"2023-09-24T18:52:51+00:00\",\"dateModified\":\"2023-09-24T19:11:51+00:00\",\"breadcrumb\":{\"@id\":\"https:\/\/orionjdr.fr\/?page_id=391#breadcrumb\"},\"inLanguage\":\"fr-FR\",\"potentialAction\":[{\"@type\":\"ReadAction\",\"target\":[\"https:\/\/orionjdr.fr\/?page_id=391\"]}]},{\"@type\":\"BreadcrumbList\",\"@id\":\"https:\/\/orionjdr.fr\/?page_id=391#breadcrumb\",\"itemListElement\":[{\"@type\":\"ListItem\",\"position\":1,\"name\":\"Accueil\",\"item\":\"https:\/\/orionjdr.fr\/\"},{\"@type\":\"ListItem\",\"position\":2,\"name\":\"Campagnes JdR\",\"item\":\"https:\/\/orionjdr.fr\/?page_id=375\"},{\"@type\":\"ListItem\",\"position\":3,\"name\":\"Campagnes Archiv\u00e9es\"}]},{\"@type\":\"WebSite\",\"@id\":\"https:\/\/orionjdr.fr\/#website\",\"url\":\"https:\/\/orionjdr.fr\/\",\"name\":\"Orion JdR\",\"description\":\"Auteur JdR Freelance, Blogger, MJ Pro\",\"potentialAction\":[{\"@type\":\"SearchAction\",\"target\":{\"@type\":\"EntryPoint\",\"urlTemplate\":\"https:\/\/orionjdr.fr\/?s={search_term_string}\"},\"query-input\":\"required name=search_term_string\"}],\"inLanguage\":\"fr-FR\"}]}<\/script>\n<!-- \/ Yoast SEO plugin. -->","yoast_head_json":{"title":"Campagnes Archiv\u00e9es - Orion","robots":{"index":"index","follow":"follow","max-snippet":"max-snippet:-1","max-image-preview":"max-image-preview:large","max-video-preview":"max-video-preview:-1"},"canonical":"https:\/\/orionjdr.fr\/?page_id=391","og_locale":"fr_FR","og_type":"article","og_title":"Campagnes Archiv\u00e9es - Orion","og_description":"Campagnes pr\u00e9c\u00e9dentes &#8211; MJ Le Sang vers\u00e9 d&#8217;Occitanie &#8211; Monde des T\u00e9n\u00e8bres Le Sud de la France est frapp\u00e9 d&#8217;un grand mal, et diff\u00e9rents acteurs cherchent \u00e0 lutter contre lui&#8230; ou s&#8217;associer \u00e0 lui. Le Conseil vampirique de Paris envoie trois Nouveaux-n\u00e9 \u00e0 Toulouse pour enqu\u00eater sur une disparition inqui\u00e9tante, et trouver des alli\u00e9s dans &hellip; Campagnes Archiv\u00e9es Lire la suite\u00a0\u00bb","og_url":"https:\/\/orionjdr.fr\/?page_id=391","og_site_name":"Orion","article_modified_time":"2023-09-24T19:11:51+00:00","og_image":[{"url":"https:\/\/orionjdr.fr\/wp-content\/uploads\/2023\/09\/header-campaign-1-1024x1024.jpg"}],"twitter_card":"summary_large_image","twitter_misc":{"Dur\u00e9e de lecture estim\u00e9e":"6 minutes"},"schema":{"@context":"https:\/\/schema.org","@graph":[{"@type":"WebPage","@id":"https:\/\/orionjdr.fr\/?page_id=391","url":"https:\/\/orionjdr.fr\/?page_id=391","name":"Campagnes Archiv\u00e9es - Orion","isPartOf":{"@id":"https:\/\/orionjdr.fr\/#website"},"datePublished":"2023-09-24T18:52:51+00:00","dateModified":"2023-09-24T19:11:51+00:00","breadcrumb":{"@id":"https:\/\/orionjdr.fr\/?page_id=391#breadcrumb"},"inLanguage":"fr-FR","potentialAction":[{"@type":"ReadAction","target":["https:\/\/orionjdr.fr\/?page_id=391"]}]},{"@type":"BreadcrumbList","@id":"https:\/\/orionjdr.fr\/?page_id=391#breadcrumb","itemListElement":[{"@type":"ListItem","position":1,"name":"Accueil","item":"https:\/\/orionjdr.fr\/"},{"@type":"ListItem","position":2,"name":"Campagnes JdR","item":"https:\/\/orionjdr.fr\/?page_id=375"},{"@type":"ListItem","position":3,"name":"Campagnes Archiv\u00e9es"}]},{"@type":"WebSite","@id":"https:\/\/orionjdr.fr\/#website","url":"https:\/\/orionjdr.fr\/","name":"Orion JdR","description":"Auteur JdR Freelance, Blogger, MJ Pro","potentialAction":[{"@type":"SearchAction","target":{"@type":"EntryPoint","urlTemplate":"https:\/\/orionjdr.fr\/?s={search_term_string}"},"query-input":"required name=search_term_string"}],"inLanguage":"fr-FR"}]}},"_links":{"self":[{"href":"https:\/\/orionjdr.fr\/index.php?rest_route=\/wp\/v2\/pages\/391"}],"collection":[{"href":"https:\/\/orionjdr.fr\/index.php?rest_route=\/wp\/v2\/pages"}],"about":[{"href":"https:\/\/orionjdr.fr\/index.php?rest_route=\/wp\/v2\/types\/page"}],"author":[{"embeddable":true,"href":"https:\/\/orionjdr.fr\/index.php?rest_route=\/wp\/v2\/users\/1"}],"replies":[{"embeddable":true,"href":"https:\/\/orionjdr.fr\/index.php?rest_route=%2Fwp%2Fv2%2Fcomments&post=391"}],"version-history":[{"count":3,"href":"https:\/\/orionjdr.fr\/index.php?rest_route=\/wp\/v2\/pages\/391\/revisions"}],"predecessor-version":[{"id":403,"href":"https:\/\/orionjdr.fr\/index.php?rest_route=\/wp\/v2\/pages\/391\/revisions\/403"}],"up":[{"embeddable":true,"href":"https:\/\/orionjdr.fr\/index.php?rest_route=\/wp\/v2\/pages\/375"}],"wp:attachment":[{"href":"https:\/\/orionjdr.fr\/index.php?rest_route=%2Fwp%2Fv2%2Fmedia&parent=391"}],"curies":[{"name":"wp","href":"https:\/\/api.w.org\/{rel}","templated":true}]}}