{"id":376,"date":"2023-09-24T20:58:02","date_gmt":"2023-09-24T18:58:02","guid":{"rendered":"https:\/\/orionjdr.fr\/?page_id=376"},"modified":"2023-09-24T22:41:56","modified_gmt":"2023-09-24T20:41:56","slug":"pax-elfica","status":"publish","type":"page","link":"https:\/\/orionjdr.fr\/?page_id=376","title":{"rendered":"PAX ELFICA"},"content":{"rendered":"\n<figure class=\"wp-block-image aligncenter size-large is-resized\"><img decoding=\"async\" loading=\"lazy\" src=\"https:\/\/orionjdr.fr\/wp-content\/uploads\/2023\/09\/logo-PE-1024x706.png\" alt=\"\" class=\"wp-image-381\" style=\"width:580px;height:400px\" width=\"580\" height=\"400\" srcset=\"https:\/\/orionjdr.fr\/wp-content\/uploads\/2023\/09\/logo-PE-1024x706.png 1024w, https:\/\/orionjdr.fr\/wp-content\/uploads\/2023\/09\/logo-PE-300x207.png 300w, https:\/\/orionjdr.fr\/wp-content\/uploads\/2023\/09\/logo-PE-768x529.png 768w, https:\/\/orionjdr.fr\/wp-content\/uploads\/2023\/09\/logo-PE-600x414.png 600w, https:\/\/orionjdr.fr\/wp-content\/uploads\/2023\/09\/logo-PE.png 1239w\" sizes=\"(max-width: 580px) 100vw, 580px\" \/><\/figure>\n\n\n\n<h2 class=\"wp-block-heading\">Qu&#8217;est-ce que Pax Elfica ?<\/h2>\n\n\n\n<p>Lorsque les elfes sont sortis de leur for\u00eat pour vous lib\u00e9rer de l&#8217;emprise du N\u00e9cromant, vous les avez acclam\u00e9s. Lorsqu&#8217;ils sont rest\u00e9s, vous avez commenc\u00e9 \u00e0 douter. D\u00e9couvrez Pax Elfica, une grande campagne m\u00e9di\u00e9vale-fantastique dans laquelle les joueurs interpr\u00e8tent des r\u00e9sistants \u00e0 l&#8217;occupation militaire par des forces elfiques. Compatible 5e \u00e9dition, et Cl\u00e9 en Main.<\/p>\n\n\n\n<p>Pax Elfica a gagn\u00e9 le&nbsp;<strong>Prix R\u00f4liste 2020 : Jeu de<\/strong>&nbsp;<strong>l&#8217;Ann\u00e9e<\/strong>,&nbsp;<strong>l&#8217;Unif d&#8217;Or 2020 : Meilleure campagne de jdr&nbsp;<\/strong>ainsi que le prix<strong>&nbsp;Sci-Fi Universe 2020 : Meilleur jdr de l&#8217;ann\u00e9e<\/strong>.<\/p>\n\n\n\n<hr class=\"wp-block-separator has-alpha-channel-opacity\"\/>\n\n\n\n<h2 class=\"wp-block-heading\">D\u00e9couvrir Pax Elfica<\/h2>\n\n\n\n<div class=\"wp-block-columns is-layout-flex wp-container-3 wp-block-columns-is-layout-flex\">\n<div class=\"wp-block-column is-content-justification-center is-layout-constrained wp-block-column-is-layout-constrained\">\n<p>Cette campagne est enregistr\u00e9e sur la cha\u00eene <strong>Time to Roll<\/strong>, et diffus\u00e9e un mardi sur deux sur Youtube. Retrouvez les tenanciers de l&#8217;Auberge de l&#8217;Ep\u00e9e, quatre h\u00e9ros courageux (ou pas !) sur les traces des anciennes l\u00e9gendes de Bren !<\/p>\n\n\n\n<ul>\n<li>Les vid\u00e9os de cet Actual Play sont diffus\u00e9es un mardi sur deux \u00e0 18 heures : <a href=\"https:\/\/www.youtube.com\/watch?v=4qXMMK81p3E&amp;list=PLxKUqDmmflyHiPbA2M17X2z1N-L3szoM2&amp;ab_channel=TimeToRoll\">Playlist Pax Elfica<\/a><\/li>\n<\/ul>\n<\/div>\n\n\n\n<div class=\"wp-block-column is-vertically-aligned-center is-layout-flow wp-block-column-is-layout-flow\">\n<figure class=\"wp-block-embed alignright is-type-video is-provider-youtube wp-block-embed-youtube wp-embed-aspect-16-9 wp-has-aspect-ratio\"><div class=\"wp-block-embed__wrapper\">\n<div class=\"ast-oembed-container\" style=\"height: 100%;\"><iframe loading=\"lazy\" title=\"Pax Elfica - S01E01 - Une soir\u00e9e mouvement\u00e9e\" width=\"500\" height=\"281\" src=\"https:\/\/www.youtube.com\/embed\/4qXMMK81p3E?feature=oembed\" frameborder=\"0\" allow=\"accelerometer; autoplay; clipboard-write; encrypted-media; gyroscope; picture-in-picture; web-share\" allowfullscreen><\/iframe><\/div>\n<\/div><\/figure>\n<\/div>\n<\/div>\n","protected":false},"excerpt":{"rendered":"<p>Qu&#8217;est-ce que Pax Elfica ? Lorsque les elfes sont sortis de leur for\u00eat pour vous lib\u00e9rer de l&#8217;emprise du N\u00e9cromant, vous les avez acclam\u00e9s. Lorsqu&#8217;ils sont rest\u00e9s, vous avez commenc\u00e9 \u00e0 douter. D\u00e9couvrez Pax Elfica, une grande campagne m\u00e9di\u00e9vale-fantastique dans laquelle les joueurs interpr\u00e8tent des r\u00e9sistants \u00e0 l&#8217;occupation militaire par des forces elfiques. Compatible 5e &hellip;<\/p>\n<p class=\"read-more\"> <a class=\"\" href=\"https:\/\/orionjdr.fr\/?page_id=376\"> <span class=\"screen-reader-text\">PAX ELFICA<\/span> Lire la suite\u00a0\u00bb<\/a><\/p>\n","protected":false},"author":1,"featured_media":0,"parent":375,"menu_order":0,"comment_status":"open","ping_status":"closed","template":"","meta":{"site-sidebar-layout":"default","site-content-layout":"","ast-site-content-layout":"","site-content-style":"default","site-sidebar-style":"default","ast-global-header-display":"","ast-banner-title-visibility":"","ast-main-header-display":"","ast-hfb-above-header-display":"","ast-hfb-below-header-display":"","ast-hfb-mobile-header-display":"","site-post-title":"","ast-breadcrumbs-content":"","ast-featured-img":"","footer-sml-layout":"","theme-transparent-header-meta":"","adv-header-id-meta":"","stick-header-meta":"","header-above-stick-meta":"","header-main-stick-meta":"","header-below-stick-meta":"","astra-migrate-meta-layouts":"","footnotes":""},"yoast_head":"<!-- This site is optimized with the Yoast SEO plugin v21.2 - https:\/\/yoast.com\/wordpress\/plugins\/seo\/ -->\n<title>PAX ELFICA - Orion<\/title>\n<meta name=\"robots\" content=\"index, follow, max-snippet:-1, max-image-preview:large, max-video-preview:-1\" \/>\n<link rel=\"canonical\" href=\"https:\/\/orionjdr.fr\/?page_id=376\" \/>\n<meta property=\"og:locale\" content=\"fr_FR\" \/>\n<meta property=\"og:type\" content=\"article\" \/>\n<meta property=\"og:title\" content=\"PAX ELFICA - Orion\" \/>\n<meta property=\"og:description\" content=\"Qu&#8217;est-ce que Pax Elfica ? Lorsque les elfes sont sortis de leur for\u00eat pour vous lib\u00e9rer de l&#8217;emprise du N\u00e9cromant, vous les avez acclam\u00e9s. Lorsqu&#8217;ils sont rest\u00e9s, vous avez commenc\u00e9 \u00e0 douter. D\u00e9couvrez Pax Elfica, une grande campagne m\u00e9di\u00e9vale-fantastique dans laquelle les joueurs interpr\u00e8tent des r\u00e9sistants \u00e0 l&#8217;occupation militaire par des forces elfiques. Compatible 5e &hellip; PAX ELFICA Lire la suite\u00a0\u00bb\" \/>\n<meta property=\"og:url\" content=\"https:\/\/orionjdr.fr\/?page_id=376\" \/>\n<meta property=\"og:site_name\" content=\"Orion\" \/>\n<meta property=\"article:modified_time\" content=\"2023-09-24T20:41:56+00:00\" \/>\n<meta property=\"og:image\" content=\"https:\/\/orionjdr.fr\/wp-content\/uploads\/2023\/09\/logo-PE-1024x706.png\" \/>\n<meta name=\"twitter:card\" content=\"summary_large_image\" \/>\n<meta name=\"twitter:label1\" content=\"Dur\u00e9e de lecture estim\u00e9e\" \/>\n\t<meta name=\"twitter:data1\" content=\"1 minute\" \/>\n<script type=\"application\/ld+json\" class=\"yoast-schema-graph\">{\"@context\":\"https:\/\/schema.org\",\"@graph\":[{\"@type\":\"WebPage\",\"@id\":\"https:\/\/orionjdr.fr\/?page_id=376\",\"url\":\"https:\/\/orionjdr.fr\/?page_id=376\",\"name\":\"PAX ELFICA - Orion\",\"isPartOf\":{\"@id\":\"https:\/\/orionjdr.fr\/#website\"},\"datePublished\":\"2023-09-24T18:58:02+00:00\",\"dateModified\":\"2023-09-24T20:41:56+00:00\",\"breadcrumb\":{\"@id\":\"https:\/\/orionjdr.fr\/?page_id=376#breadcrumb\"},\"inLanguage\":\"fr-FR\",\"potentialAction\":[{\"@type\":\"ReadAction\",\"target\":[\"https:\/\/orionjdr.fr\/?page_id=376\"]}]},{\"@type\":\"BreadcrumbList\",\"@id\":\"https:\/\/orionjdr.fr\/?page_id=376#breadcrumb\",\"itemListElement\":[{\"@type\":\"ListItem\",\"position\":1,\"name\":\"Accueil\",\"item\":\"https:\/\/orionjdr.fr\/\"},{\"@type\":\"ListItem\",\"position\":2,\"name\":\"Campagnes JdR\",\"item\":\"https:\/\/orionjdr.fr\/?page_id=375\"},{\"@type\":\"ListItem\",\"position\":3,\"name\":\"PAX ELFICA\"}]},{\"@type\":\"WebSite\",\"@id\":\"https:\/\/orionjdr.fr\/#website\",\"url\":\"https:\/\/orionjdr.fr\/\",\"name\":\"Orion JdR\",\"description\":\"Auteur JdR Freelance, Blogger, MJ Pro\",\"potentialAction\":[{\"@type\":\"SearchAction\",\"target\":{\"@type\":\"EntryPoint\",\"urlTemplate\":\"https:\/\/orionjdr.fr\/?s={search_term_string}\"},\"query-input\":\"required name=search_term_string\"}],\"inLanguage\":\"fr-FR\"}]}<\/script>\n<!-- \/ Yoast SEO plugin. -->","yoast_head_json":{"title":"PAX ELFICA - Orion","robots":{"index":"index","follow":"follow","max-snippet":"max-snippet:-1","max-image-preview":"max-image-preview:large","max-video-preview":"max-video-preview:-1"},"canonical":"https:\/\/orionjdr.fr\/?page_id=376","og_locale":"fr_FR","og_type":"article","og_title":"PAX ELFICA - Orion","og_description":"Qu&#8217;est-ce que Pax Elfica ? Lorsque les elfes sont sortis de leur for\u00eat pour vous lib\u00e9rer de l&#8217;emprise du N\u00e9cromant, vous les avez acclam\u00e9s. Lorsqu&#8217;ils sont rest\u00e9s, vous avez commenc\u00e9 \u00e0 douter. D\u00e9couvrez Pax Elfica, une grande campagne m\u00e9di\u00e9vale-fantastique dans laquelle les joueurs interpr\u00e8tent des r\u00e9sistants \u00e0 l&#8217;occupation militaire par des forces elfiques. Compatible 5e &hellip; PAX ELFICA Lire la suite\u00a0\u00bb","og_url":"https:\/\/orionjdr.fr\/?page_id=376","og_site_name":"Orion","article_modified_time":"2023-09-24T20:41:56+00:00","og_image":[{"url":"https:\/\/orionjdr.fr\/wp-content\/uploads\/2023\/09\/logo-PE-1024x706.png"}],"twitter_card":"summary_large_image","twitter_misc":{"Dur\u00e9e de lecture estim\u00e9e":"1 minute"},"schema":{"@context":"https:\/\/schema.org","@graph":[{"@type":"WebPage","@id":"https:\/\/orionjdr.fr\/?page_id=376","url":"https:\/\/orionjdr.fr\/?page_id=376","name":"PAX ELFICA - Orion","isPartOf":{"@id":"https:\/\/orionjdr.fr\/#website"},"datePublished":"2023-09-24T18:58:02+00:00","dateModified":"2023-09-24T20:41:56+00:00","breadcrumb":{"@id":"https:\/\/orionjdr.fr\/?page_id=376#breadcrumb"},"inLanguage":"fr-FR","potentialAction":[{"@type":"ReadAction","target":["https:\/\/orionjdr.fr\/?page_id=376"]}]},{"@type":"BreadcrumbList","@id":"https:\/\/orionjdr.fr\/?page_id=376#breadcrumb","itemListElement":[{"@type":"ListItem","position":1,"name":"Accueil","item":"https:\/\/orionjdr.fr\/"},{"@type":"ListItem","position":2,"name":"Campagnes JdR","item":"https:\/\/orionjdr.fr\/?page_id=375"},{"@type":"ListItem","position":3,"name":"PAX ELFICA"}]},{"@type":"WebSite","@id":"https:\/\/orionjdr.fr\/#website","url":"https:\/\/orionjdr.fr\/","name":"Orion JdR","description":"Auteur JdR Freelance, Blogger, MJ Pro","potentialAction":[{"@type":"SearchAction","target":{"@type":"EntryPoint","urlTemplate":"https:\/\/orionjdr.fr\/?s={search_term_string}"},"query-input":"required name=search_term_string"}],"inLanguage":"fr-FR"}]}},"_links":{"self":[{"href":"https:\/\/orionjdr.fr\/index.php?rest_route=\/wp\/v2\/pages\/376"}],"collection":[{"href":"https:\/\/orionjdr.fr\/index.php?rest_route=\/wp\/v2\/pages"}],"about":[{"href":"https:\/\/orionjdr.fr\/index.php?rest_route=\/wp\/v2\/types\/page"}],"author":[{"embeddable":true,"href":"https:\/\/orionjdr.fr\/index.php?rest_route=\/wp\/v2\/users\/1"}],"replies":[{"embeddable":true,"href":"https:\/\/orionjdr.fr\/index.php?rest_route=%2Fwp%2Fv2%2Fcomments&post=376"}],"version-history":[{"count":8,"href":"https:\/\/orionjdr.fr\/index.php?rest_route=\/wp\/v2\/pages\/376\/revisions"}],"predecessor-version":[{"id":419,"href":"https:\/\/orionjdr.fr\/index.php?rest_route=\/wp\/v2\/pages\/376\/revisions\/419"}],"up":[{"embeddable":true,"href":"https:\/\/orionjdr.fr\/index.php?rest_route=\/wp\/v2\/pages\/375"}],"wp:attachment":[{"href":"https:\/\/orionjdr.fr\/index.php?rest_route=%2Fwp%2Fv2%2Fmedia&parent=376"}],"curies":[{"name":"wp","href":"https:\/\/api.w.org\/{rel}","templated":true}]}}