{"id":29,"date":"2021-01-09T22:37:13","date_gmt":"2021-01-09T21:37:13","guid":{"rendered":"http:\/\/orionjdr.fr\/?page_id=29"},"modified":"2023-09-24T14:46:59","modified_gmt":"2023-09-24T12:46:59","slug":"accueil","status":"publish","type":"page","link":"https:\/\/orionjdr.fr\/","title":{"rendered":"Accueil"},"content":{"rendered":"\n<div class=\"wp-block-cover\"><span aria-hidden=\"true\" class=\"wp-block-cover__background has-background-dim\"><\/span><img decoding=\"async\" loading=\"lazy\" width=\"1600\" height=\"900\" class=\"wp-block-cover__image-background wp-image-224\" alt=\"\" src=\"https:\/\/orionjdr.fr\/wp-content\/uploads\/2023\/08\/banniere_liste_XL.jpg\" data-object-fit=\"cover\" srcset=\"https:\/\/orionjdr.fr\/wp-content\/uploads\/2023\/08\/banniere_liste_XL.jpg 1600w, https:\/\/orionjdr.fr\/wp-content\/uploads\/2023\/08\/banniere_liste_XL-300x169.jpg 300w, https:\/\/orionjdr.fr\/wp-content\/uploads\/2023\/08\/banniere_liste_XL-768x432.jpg 768w, https:\/\/orionjdr.fr\/wp-content\/uploads\/2023\/08\/banniere_liste_XL-1024x576.jpg 1024w, https:\/\/orionjdr.fr\/wp-content\/uploads\/2023\/08\/banniere_liste_XL-1536x864.jpg 1536w, https:\/\/orionjdr.fr\/wp-content\/uploads\/2023\/08\/banniere_liste_XL-480x270.jpg 480w, https:\/\/orionjdr.fr\/wp-content\/uploads\/2023\/08\/banniere_liste_XL-1320x743.jpg 1320w, https:\/\/orionjdr.fr\/wp-content\/uploads\/2023\/08\/banniere_liste_XL-600x338.jpg 600w\" sizes=\"(max-width: 1600px) 100vw, 1600px\" \/><div class=\"wp-block-cover__inner-container is-layout-constrained wp-block-cover-is-layout-constrained\">\n<h6 class=\"wp-block-heading has-text-align-center\" style=\"font-size:35px;font-style:normal;font-weight:500\">ORION<br>Auteur JdR Freelance &#8211; Blogger &#8211; MJ Pro<\/h6>\n<\/div><\/div>\n\n\n\n<p><\/p>\n\n\n\n<div class=\"wp-block-media-text is-stacked-on-mobile\" style=\"padding-top:var(--wp--preset--spacing--40);padding-bottom:var(--wp--preset--spacing--40);grid-template-columns:15% auto\"><figure class=\"wp-block-media-text__media\"><img decoding=\"async\" loading=\"lazy\" width=\"512\" height=\"512\" src=\"https:\/\/orionjdr.fr\/wp-content\/uploads\/2021\/01\/cropped-Orion-1.png\" alt=\"\" class=\"wp-image-67 size-full\" srcset=\"https:\/\/orionjdr.fr\/wp-content\/uploads\/2021\/01\/cropped-Orion-1.png 512w, https:\/\/orionjdr.fr\/wp-content\/uploads\/2021\/01\/cropped-Orion-1-300x300.png 300w, https:\/\/orionjdr.fr\/wp-content\/uploads\/2021\/01\/cropped-Orion-1-150x150.png 150w, https:\/\/orionjdr.fr\/wp-content\/uploads\/2021\/01\/cropped-Orion-1-100x100.png 100w, https:\/\/orionjdr.fr\/wp-content\/uploads\/2021\/01\/cropped-Orion-1-270x270.png 270w, https:\/\/orionjdr.fr\/wp-content\/uploads\/2021\/01\/cropped-Orion-1-192x192.png 192w, https:\/\/orionjdr.fr\/wp-content\/uploads\/2021\/01\/cropped-Orion-1-180x180.png 180w, https:\/\/orionjdr.fr\/wp-content\/uploads\/2021\/01\/cropped-Orion-1-32x32.png 32w\" sizes=\"(max-width: 512px) 100vw, 512px\" \/><\/figure><div class=\"wp-block-media-text__content\">\n<p>Salutations, aventuriers de tous horizons ! Je suis <strong>Orion<\/strong>, un Meneur de jeu professionnel, auteur de jeu de r\u00f4le et sc\u00e9nariste passionn\u00e9.<\/p>\n\n\n\n<p>Depuis 1989, j&#8217;explore des mondes fantastiques, j&#8217;ai dirig\u00e9 des parties \u00e9piques, avec parfois jusqu&#8217;\u00e0 9 joueurs <mark style=\"background-color:rgba(0, 0, 0, 0)\" class=\"has-inline-color has-cyan-bluish-gray-color\">(dont chacun contr\u00f4lait 3 personnages, dans un sc\u00e9nar Survival sur un week-end non-stop)<\/mark> et je cr\u00e9e des campagnes captivantes s&#8217;\u00e9tendant sur des ann\u00e9es. Mon exp\u00e9rience vari\u00e9e, des classiques comme D&amp;D 5e aux jeux innovants d&#8217;Yno, m&#8217;a arm\u00e9 pour vous offrir des sc\u00e9narios captivants et des articles riches en astuces sur ce blog. Que vous soyez \u00e9diteur \u00e0 la recherche de cr\u00e9ativit\u00e9, joueur avide d&#8217;aventures in\u00e9dites ou meneur de jeu en qu\u00eate de nouveaux d\u00e9fis, je vous invite \u00e0 plonger dans l&#8217;univers que j&#8217;ai b\u00e2ti et \u00e0 cr\u00e9er ensemble des histoires qui resteront grav\u00e9es dans les m\u00e9moires.<\/p>\n\n\n\n<div class=\"wp-block-buttons is-layout-flex wp-block-buttons-is-layout-flex\">\n<div class=\"wp-block-button\"><a class=\"wp-block-button__link wp-element-button\" href=\"https:\/\/orionjdr.fr\/?page_id=30\">En savoir plus<\/a><\/div>\n<\/div>\n<\/div><\/div>\n\n\n\n<div class=\"wp-block-buttons is-layout-flex wp-block-buttons-is-layout-flex\"><\/div>\n\n\n\n<p><\/p>\n\n\n\n<h2 class=\"wp-block-heading has-text-align-center\"><strong>PRODUITS POPULAIRES<\/strong><\/h2>\n\n\n\n<div class=\"wp-block-columns is-layout-flex wp-container-7 wp-block-columns-is-layout-flex\">\n<div class=\"wp-block-column is-layout-flow wp-block-column-is-layout-flow\">\n<figure class=\"wp-block-image size-full\"><img decoding=\"async\" loading=\"lazy\" width=\"500\" height=\"500\" src=\"https:\/\/orionjdr.fr\/wp-content\/uploads\/2023\/08\/WooNOC01.jpg\" alt=\"\" class=\"wp-image-242\" srcset=\"https:\/\/orionjdr.fr\/wp-content\/uploads\/2023\/08\/WooNOC01.jpg 500w, https:\/\/orionjdr.fr\/wp-content\/uploads\/2023\/08\/WooNOC01-150x150.jpg 150w, https:\/\/orionjdr.fr\/wp-content\/uploads\/2023\/08\/WooNOC01-300x300.jpg 300w, https:\/\/orionjdr.fr\/wp-content\/uploads\/2023\/08\/WooNOC01-270x270.jpg 270w, https:\/\/orionjdr.fr\/wp-content\/uploads\/2023\/08\/WooNOC01-100x100.jpg 100w\" sizes=\"(max-width: 500px) 100vw, 500px\" \/><\/figure>\n<\/div>\n\n\n\n<div class=\"wp-block-column is-layout-flow wp-block-column-is-layout-flow\">\n<figure class=\"wp-block-image size-full\"><img decoding=\"async\" loading=\"lazy\" width=\"500\" height=\"500\" src=\"https:\/\/orionjdr.fr\/wp-content\/uploads\/2023\/08\/WooNOC02.jpg\" alt=\"\" class=\"wp-image-259\" srcset=\"https:\/\/orionjdr.fr\/wp-content\/uploads\/2023\/08\/WooNOC02.jpg 500w, https:\/\/orionjdr.fr\/wp-content\/uploads\/2023\/08\/WooNOC02-300x300.jpg 300w, https:\/\/orionjdr.fr\/wp-content\/uploads\/2023\/08\/WooNOC02-150x150.jpg 150w, https:\/\/orionjdr.fr\/wp-content\/uploads\/2023\/08\/WooNOC02-270x270.jpg 270w, https:\/\/orionjdr.fr\/wp-content\/uploads\/2023\/08\/WooNOC02-100x100.jpg 100w\" sizes=\"(max-width: 500px) 100vw, 500px\" \/><\/figure>\n<\/div>\n\n\n\n<div class=\"wp-block-column is-layout-flow wp-block-column-is-layout-flow\">\n<figure class=\"wp-block-image size-full\"><img decoding=\"async\" loading=\"lazy\" width=\"500\" height=\"500\" src=\"https:\/\/orionjdr.fr\/wp-content\/uploads\/2023\/08\/WooNOC04.jpg\" alt=\"\" class=\"wp-image-257\" srcset=\"https:\/\/orionjdr.fr\/wp-content\/uploads\/2023\/08\/WooNOC04.jpg 500w, https:\/\/orionjdr.fr\/wp-content\/uploads\/2023\/08\/WooNOC04-300x300.jpg 300w, https:\/\/orionjdr.fr\/wp-content\/uploads\/2023\/08\/WooNOC04-150x150.jpg 150w, https:\/\/orionjdr.fr\/wp-content\/uploads\/2023\/08\/WooNOC04-270x270.jpg 270w, https:\/\/orionjdr.fr\/wp-content\/uploads\/2023\/08\/WooNOC04-100x100.jpg 100w\" sizes=\"(max-width: 500px) 100vw, 500px\" \/><\/figure>\n<\/div>\n<\/div>\n\n\n\n<div class=\"wp-block-columns is-layout-flex wp-container-14 wp-block-columns-is-layout-flex\">\n<div class=\"wp-block-column is-layout-flow wp-block-column-is-layout-flow\">\n<h2 class=\"wp-block-heading has-text-align-center\">NOC &#8211; Livre de base<\/h2>\n\n\n\n<p>Jeu de r\u00f4le de Mikael Cheyrias et C\u00e9dric Chaillol.<\/p>\n\n\n\n<p>La nuit est tomb\u00e9e sur le monde, la Terre a \u00e9t\u00e9 engloutie par l\u2019Artefact, un objet impossible surgi du fond de l\u2019espace et du temps. <strong>Incarnez un H\u00e9ros pr\u00eat \u00e0 lib\u00e9rer la Terre de la nuit \u00e9ternelle !<\/strong><\/p>\n\n\n\n<p><strong>Graal d&#8217;Or 2023<\/strong> \u2b50<br><strong>Prix R\u00f4liste 2022 du meilleur univers et meilleur JDR francophone<\/strong> \u2b50\u2b50<\/p>\n\n\n\n<div class=\"wp-block-buttons is-layout-flex wp-block-buttons-is-layout-flex\">\n<div class=\"wp-block-button\"><a class=\"wp-block-button__link wp-element-button\" href=\"https:\/\/orionjdr.fr\/?product=noc-livre-de-base\">En savoir plus<\/a><\/div>\n<\/div>\n<\/div>\n\n\n\n<div class=\"wp-block-column is-layout-flow wp-block-column-is-layout-flow\">\n<h2 class=\"wp-block-heading has-text-align-center\">NOC &#8211; Lueurs Obsidionales &#8211; 1<\/h2>\n\n\n\n<p>Ce premier suppl\u00e9ment majeur contient les<strong>&nbsp;trois actes initiaux de la campagne officielle \u00ab Les Tourments de Prague \u00bb<\/strong>. Ceux-ci conduiront les H\u00e9ros des plus noires t\u00e9n\u00e8bres aux rivages de l\u2019aube. Pouvant \u00eatre jou\u00e9s de fa\u00e7on autonome ou en lien avec le sc\u00e9nario du kit d\u2019introduction et les chapitres \u00e0 venir, ils offrent une plong\u00e9e sans concession dans la Boh\u00e8me enserr\u00e9e.<\/p>\n\n\n\n<div class=\"wp-block-buttons is-layout-flex wp-block-buttons-is-layout-flex\">\n<div class=\"wp-block-button\"><a class=\"wp-block-button__link wp-element-button\" href=\"https:\/\/orionjdr.fr\/?product=les-lueurs-obsidionales-tome-1\">En savoir plus<\/a><\/div>\n<\/div>\n<\/div>\n\n\n\n<div class=\"wp-block-column is-layout-flow wp-block-column-is-layout-flow\">\n<h2 class=\"wp-block-heading has-text-align-center\">NOC &#8211; Guide de Prague<\/h2>\n\n\n\n<p>Suppl\u00e9ment de contexte, pr\u00e9sentant le cadre du Bloc de Prague.<\/p>\n\n\n\n<p>Outre la description des quartiers de la cit\u00e9 aux mille clochers, cet ouvrage pr\u00e9sente des dizaines d&#8217;inspirations et d&#8217;accroches de sc\u00e9narios. Une plong\u00e9e dans les myst\u00e8res de la capitale de la Boh\u00e8me.<\/p>\n\n\n\n<div class=\"wp-block-buttons is-layout-flex wp-block-buttons-is-layout-flex\">\n<div class=\"wp-block-button\"><a class=\"wp-block-button__link wp-element-button\" href=\"https:\/\/orionjdr.fr\/?product=guide-de-prague\">En savoir plus<\/a><\/div>\n<\/div>\n<\/div>\n<\/div>\n\n\n\n<p><\/p>\n\n\n\n<h2 class=\"wp-block-heading has-text-align-center\"><strong>RECOMMANDATIONS<\/strong><\/h2>\n\n\n\n<div class=\"wp-block-columns is-layout-flex wp-container-17 wp-block-columns-is-layout-flex\">\n<div class=\"wp-block-column is-vertically-aligned-top is-layout-flow wp-block-column-is-layout-flow\">\n<blockquote class=\"wp-block-quote has-text-align-center\">\n<p><strong>\u00ab <\/strong>J&#8217;ai beaucoup appr\u00e9ci\u00e9 ton style de MJ. La repartie et l&#8217;adaptabilit\u00e9 dont tu fais preuve. <strong>\u00bb<\/strong><\/p>\n<cite>&#8211; Laur\u00e8ne<\/cite><\/blockquote>\n<\/div>\n\n\n\n<div class=\"wp-block-column is-layout-flow wp-block-column-is-layout-flow\">\n<blockquote class=\"wp-block-quote has-text-align-center\">\n<p><strong>\u00ab <\/strong>Merci pour avoir su rebondir sur les id\u00e9es les plus perch\u00e9es de tous les joueurs, de laisser les joueurs r\u00e9ussir gr\u00e2ce \u00e0 leurs plans. Bravo pour vos improvisations&#8230; <strong>\u00bb<\/strong><\/p>\n<cite>&#8211; Volt<\/cite><\/blockquote>\n<\/div>\n<\/div>\n","protected":false},"excerpt":{"rendered":"<p>PRODUITS POPULAIRES NOC &#8211; Livre de base Jeu de r\u00f4le de Mikael Cheyrias et C\u00e9dric Chaillol. La nuit est tomb\u00e9e sur le monde, la Terre a \u00e9t\u00e9 engloutie par l\u2019Artefact, un objet impossible surgi du fond de l\u2019espace et du temps. Incarnez un H\u00e9ros pr\u00eat \u00e0 lib\u00e9rer la Terre de la nuit \u00e9ternelle ! Graal &hellip;<\/p>\n<p class=\"read-more\"> <a class=\"\" href=\"https:\/\/orionjdr.fr\/\"> <span class=\"screen-reader-text\">Accueil<\/span> Lire la suite\u00a0\u00bb<\/a><\/p>\n","protected":false},"author":1,"featured_media":0,"parent":0,"menu_order":0,"comment_status":"closed","ping_status":"closed","template":"","meta":{"site-sidebar-layout":"default","site-content-layout":"","ast-site-content-layout":"","site-content-style":"default","site-sidebar-style":"default","ast-global-header-display":"","ast-banner-title-visibility":"","ast-main-header-display":"","ast-hfb-above-header-display":"","ast-hfb-below-header-display":"","ast-hfb-mobile-header-display":"","site-post-title":"disabled","ast-breadcrumbs-content":"","ast-featured-img":"","footer-sml-layout":"","theme-transparent-header-meta":"","adv-header-id-meta":"","stick-header-meta":"","header-above-stick-meta":"","header-main-stick-meta":"","header-below-stick-meta":"","astra-migrate-meta-layouts":"","footnotes":""},"yoast_head":"<!-- This site is optimized with the Yoast SEO plugin v21.2 - https:\/\/yoast.com\/wordpress\/plugins\/seo\/ -->\n<title>Accueil - Orion<\/title>\n<meta name=\"robots\" content=\"index, follow, max-snippet:-1, max-image-preview:large, max-video-preview:-1\" \/>\n<link rel=\"canonical\" href=\"https:\/\/orionjdr.fr\/\" \/>\n<meta property=\"og:locale\" content=\"fr_FR\" \/>\n<meta property=\"og:type\" content=\"article\" \/>\n<meta property=\"og:title\" content=\"Accueil - Orion\" \/>\n<meta property=\"og:description\" content=\"PRODUITS POPULAIRES NOC &#8211; Livre de base Jeu de r\u00f4le de Mikael Cheyrias et C\u00e9dric Chaillol. La nuit est tomb\u00e9e sur le monde, la Terre a \u00e9t\u00e9 engloutie par l\u2019Artefact, un objet impossible surgi du fond de l\u2019espace et du temps. Incarnez un H\u00e9ros pr\u00eat \u00e0 lib\u00e9rer la Terre de la nuit \u00e9ternelle ! Graal &hellip; Accueil Lire la suite\u00a0\u00bb\" \/>\n<meta property=\"og:url\" content=\"https:\/\/orionjdr.fr\/\" \/>\n<meta property=\"og:site_name\" content=\"Orion\" \/>\n<meta property=\"article:modified_time\" content=\"2023-09-24T12:46:59+00:00\" \/>\n<meta property=\"og:image\" content=\"https:\/\/orionjdr.fr\/wp-content\/uploads\/2023\/08\/banniere_liste_XL.jpg\" \/>\n<meta name=\"twitter:card\" content=\"summary_large_image\" \/>\n<meta name=\"twitter:label1\" content=\"Dur\u00e9e de lecture estim\u00e9e\" \/>\n\t<meta name=\"twitter:data1\" content=\"3 minutes\" \/>\n<script type=\"application\/ld+json\" class=\"yoast-schema-graph\">{\"@context\":\"https:\/\/schema.org\",\"@graph\":[{\"@type\":\"WebPage\",\"@id\":\"https:\/\/orionjdr.fr\/\",\"url\":\"https:\/\/orionjdr.fr\/\",\"name\":\"Accueil - Orion\",\"isPartOf\":{\"@id\":\"https:\/\/orionjdr.fr\/#website\"},\"datePublished\":\"2021-01-09T21:37:13+00:00\",\"dateModified\":\"2023-09-24T12:46:59+00:00\",\"breadcrumb\":{\"@id\":\"https:\/\/orionjdr.fr\/#breadcrumb\"},\"inLanguage\":\"fr-FR\",\"potentialAction\":[{\"@type\":\"ReadAction\",\"target\":[\"https:\/\/orionjdr.fr\/\"]}]},{\"@type\":\"BreadcrumbList\",\"@id\":\"https:\/\/orionjdr.fr\/#breadcrumb\",\"itemListElement\":[{\"@type\":\"ListItem\",\"position\":1,\"name\":\"Accueil\",\"item\":\"https:\/\/orionjdr.fr\/\"},{\"@type\":\"ListItem\",\"position\":2,\"name\":\"Accueil\"}]},{\"@type\":\"WebSite\",\"@id\":\"https:\/\/orionjdr.fr\/#website\",\"url\":\"https:\/\/orionjdr.fr\/\",\"name\":\"Orion JdR\",\"description\":\"Auteur JdR Freelance, Blogger, MJ Pro\",\"potentialAction\":[{\"@type\":\"SearchAction\",\"target\":{\"@type\":\"EntryPoint\",\"urlTemplate\":\"https:\/\/orionjdr.fr\/?s={search_term_string}\"},\"query-input\":\"required name=search_term_string\"}],\"inLanguage\":\"fr-FR\"}]}<\/script>\n<!-- \/ Yoast SEO plugin. -->","yoast_head_json":{"title":"Accueil - Orion","robots":{"index":"index","follow":"follow","max-snippet":"max-snippet:-1","max-image-preview":"max-image-preview:large","max-video-preview":"max-video-preview:-1"},"canonical":"https:\/\/orionjdr.fr\/","og_locale":"fr_FR","og_type":"article","og_title":"Accueil - Orion","og_description":"PRODUITS POPULAIRES NOC &#8211; Livre de base Jeu de r\u00f4le de Mikael Cheyrias et C\u00e9dric Chaillol. La nuit est tomb\u00e9e sur le monde, la Terre a \u00e9t\u00e9 engloutie par l\u2019Artefact, un objet impossible surgi du fond de l\u2019espace et du temps. Incarnez un H\u00e9ros pr\u00eat \u00e0 lib\u00e9rer la Terre de la nuit \u00e9ternelle ! Graal &hellip; Accueil Lire la suite\u00a0\u00bb","og_url":"https:\/\/orionjdr.fr\/","og_site_name":"Orion","article_modified_time":"2023-09-24T12:46:59+00:00","og_image":[{"url":"https:\/\/orionjdr.fr\/wp-content\/uploads\/2023\/08\/banniere_liste_XL.jpg"}],"twitter_card":"summary_large_image","twitter_misc":{"Dur\u00e9e de lecture estim\u00e9e":"3 minutes"},"schema":{"@context":"https:\/\/schema.org","@graph":[{"@type":"WebPage","@id":"https:\/\/orionjdr.fr\/","url":"https:\/\/orionjdr.fr\/","name":"Accueil - Orion","isPartOf":{"@id":"https:\/\/orionjdr.fr\/#website"},"datePublished":"2021-01-09T21:37:13+00:00","dateModified":"2023-09-24T12:46:59+00:00","breadcrumb":{"@id":"https:\/\/orionjdr.fr\/#breadcrumb"},"inLanguage":"fr-FR","potentialAction":[{"@type":"ReadAction","target":["https:\/\/orionjdr.fr\/"]}]},{"@type":"BreadcrumbList","@id":"https:\/\/orionjdr.fr\/#breadcrumb","itemListElement":[{"@type":"ListItem","position":1,"name":"Accueil","item":"https:\/\/orionjdr.fr\/"},{"@type":"ListItem","position":2,"name":"Accueil"}]},{"@type":"WebSite","@id":"https:\/\/orionjdr.fr\/#website","url":"https:\/\/orionjdr.fr\/","name":"Orion JdR","description":"Auteur JdR Freelance, Blogger, MJ Pro","potentialAction":[{"@type":"SearchAction","target":{"@type":"EntryPoint","urlTemplate":"https:\/\/orionjdr.fr\/?s={search_term_string}"},"query-input":"required name=search_term_string"}],"inLanguage":"fr-FR"}]}},"_links":{"self":[{"href":"https:\/\/orionjdr.fr\/index.php?rest_route=\/wp\/v2\/pages\/29"}],"collection":[{"href":"https:\/\/orionjdr.fr\/index.php?rest_route=\/wp\/v2\/pages"}],"about":[{"href":"https:\/\/orionjdr.fr\/index.php?rest_route=\/wp\/v2\/types\/page"}],"author":[{"embeddable":true,"href":"https:\/\/orionjdr.fr\/index.php?rest_route=\/wp\/v2\/users\/1"}],"replies":[{"embeddable":true,"href":"https:\/\/orionjdr.fr\/index.php?rest_route=%2Fwp%2Fv2%2Fcomments&post=29"}],"version-history":[{"count":13,"href":"https:\/\/orionjdr.fr\/index.php?rest_route=\/wp\/v2\/pages\/29\/revisions"}],"predecessor-version":[{"id":373,"href":"https:\/\/orionjdr.fr\/index.php?rest_route=\/wp\/v2\/pages\/29\/revisions\/373"}],"wp:attachment":[{"href":"https:\/\/orionjdr.fr\/index.php?rest_route=%2Fwp%2Fv2%2Fmedia&parent=29"}],"curies":[{"name":"wp","href":"https:\/\/api.w.org\/{rel}","templated":true}]}}